{"id":25463,"date":"2026-02-07T18:20:50","date_gmt":"2026-02-07T18:20:50","guid":{"rendered":"https:\/\/www.globalafricasciences.org\/revue\/comites-et-personnels\/"},"modified":"2026-04-27T01:11:10","modified_gmt":"2026-04-27T01:11:10","slug":"comites-et-personnels","status":"publish","type":"page","link":"https:\/\/www.globalafricasciences.org\/fr\/revue\/comites-et-personnels\/","title":{"rendered":"Comit\u00e9s et personnels"},"content":{"rendered":"\t\t<div data-elementor-type=\"wp-page\" data-elementor-id=\"25463\" class=\"elementor elementor-25463 elementor-17184\" data-elementor-post-type=\"page\">\n\t\t\t\t<div data-particle_enable=\"false\" data-particle-mobile-disabled=\"false\" class=\"elementor-element elementor-element-46d381a1 e-con-full e-flex wpr-particle-no wpr-jarallax-no wpr-parallax-no wpr-sticky-section-no e-con e-parent\" data-id=\"46d381a1\" data-element_type=\"container\" data-e-type=\"container\">\n\t\t\t\t<div class=\"elementor-element elementor-element-17971c39 elementor-widget elementor-widget-html\" data-id=\"17971c39\" data-element_type=\"widget\" data-e-type=\"widget\" data-widget_type=\"html.default\">\n\t\t\t\t<div class=\"elementor-widget-container\">\n\t\t\t\t\t<style>\/* \u2550\u2550 JOURNAL SUBNAV \u2550\u2550 *\/\n  .subnav { position: sticky; top: 110px; z-index: 190; background: var(--surface); display: flex; overflow-x: auto; scrollbar-width: none; box-shadow: 0 2px 8px rgba(0,0,0,0.04); }\n  .subnav::-webkit-scrollbar { display: none; }\n  .subnav-item { display: flex; align-items: center; padding: 0 20px; height: 44px; font-size: 0.62rem; font-weight: 600; letter-spacing: 0.12em; text-transform: uppercase; color: var(--text-muted); text-decoration: none; border-right: 1px solid var(--border); white-space: nowrap; transition: color .2s, background .2s; position: relative; }\n  .subnav-item:hover { color: var(--text); background: var(--surface-2); }\n  .subnav-item.active { color: var(--teal); background: var(--teal-dim); }\n  .subnav-item.active::after { content:''; position:absolute; bottom:0; left:0; right:0; height:2px; background:var(--teal); }\n<\/style><div class=\"subnav\"><a href=\"https:\/\/www.globalafricasciences.org\/fr\/revue\/objectifs-et-portee\/\" class=\"subnav-item\">Aims and Scope<\/a><a href=\"https:\/\/www.globalafricasciences.org\/journal\/editorial-outline\/\" class=\"subnav-item\">Editorial Outline<\/a><a href=\"https:\/\/www.globalafricasciences.org\/fr\/revue\/comites-et-personnels\/\" class=\"subnav-item\">Committees &amp; Staff<\/a><a href=\"https:\/\/www.globalafricasciences.org\/journal\/referencing-and-indexing\/\" class=\"subnav-item\">Referencing &amp; Indexing<\/a><a href=\"https:\/\/www.globalafricasciences.org\/fr\/revue\/appels-et-planning\/\" class=\"subnav-item\">Calls and Schedule<\/a><a href=\"https:\/\/www.globalafricasciences.org\/fr\/revue\/soumission\/\" class=\"subnav-item\">Submission<\/a><a href=\"https:\/\/www.globalafricasciences.org\/journal\/open-access\/\" class=\"subnav-item\">Open Access<\/a><a href=\"https:\/\/www.globalafricasciences.org\/journal\/copyright-license-and-archiving\/\" class=\"subnav-item\">Copyright &amp; License<\/a><a href=\"https:\/\/www.globalafricasciences.org\/journal\/quality-ethics-and-responsibility\/\" class=\"subnav-item\">Ethics &amp; Quality<\/a><a href=\"https:\/\/www.globalafricasciences.org\/fr\/revue\/numeros\/\" class=\"subnav-item\">Issues<\/a><a href=\"https:\/\/www.globalafricasciences.org\/fr\/revue\/auteurs\/\" class=\"subnav-item\">Authors<\/a><a href=\"https:\/\/www.globalafricasciences.org\/journal\/iconographic-thread\/\" class=\"subnav-item\">Iconographic Thread<\/a><\/div><script>(function() {\n    const current = window.location.href.replace(\/\\\/$\/, '');\n    document.querySelectorAll('.subnav-item').forEach(function(link) {\n      const href = link.href.replace(\/\\\/$\/, '');\n      if (href === current) {\n        link.classList.add('active');\n      }\n    });\n  })();\n<\/script>\t\t\t\t<\/div>\n\t\t\t\t<\/div>\n\t\t\t\t<\/div>\n\t\t<div data-particle_enable=\"false\" data-particle-mobile-disabled=\"false\" class=\"elementor-element elementor-element-5fa2223 page-hero e-flex e-con-boxed wpr-particle-no wpr-jarallax-no wpr-parallax-no wpr-sticky-section-no e-con e-parent\" data-id=\"5fa2223\" data-element_type=\"container\" data-e-type=\"container\" data-settings=\"{&quot;background_background&quot;:&quot;classic&quot;}\">\n\t\t\t\t\t<div class=\"e-con-inner\">\n\t\t\t\t<div class=\"elementor-element elementor-element-2046f58 elementor-widget elementor-widget-html\" data-id=\"2046f58\" data-element_type=\"widget\" data-e-type=\"widget\" data-widget_type=\"html.default\">\n\t\t\t\t<div class=\"elementor-widget-container\">\n\t\t\t\t\t<!-- PAGE HERO -->\n  <div class=\"hero-title-bar\">\n    <div>\n      <div class=\"breadcrumb\">\n        <a href=\"https:\/\/www.globalafricasciences.org\/fr\/\">Accueil<\/a>&nbsp;\u203a&nbsp;<a href=\"https:\/\/www.globalafricasciences.org\/fr\/revue\/\">Revue<\/a>&nbsp;\u203a&nbsp;Comit\u00e9s et personnels\n      <\/div>\n      <h1 class=\"hero-h1\">Comit\u00e9s et personnels<\/h1>\n      <p class=\"hero-desc\">Le comit\u00e9 de r\u00e9daction de Global Africa est compos\u00e9 de sp\u00e9cialistes internationalement reconnus pour leur expertise scientifique, sous la responsabilit\u00e9 du r\u00e9dacteur en chef. <\/p>\n    <\/div>\n    <div class=\"hero-meta\">\n      <div class=\"hero-oa-badge\">Acc\u00e8s libre<\/div>\n      <div class=\"hero-issn\">ISSN : 3020-0458<\/div>\n    <\/div>\n <\/div> \t\t\t\t<\/div>\n\t\t\t\t<\/div>\n\t\t\t\t\t<\/div>\n\t\t\t\t<\/div>\n\t\t<div data-particle_enable=\"false\" data-particle-mobile-disabled=\"false\" class=\"elementor-element elementor-element-d66814c e-con-full e-flex wpr-particle-no wpr-jarallax-no wpr-parallax-no wpr-sticky-section-no e-con e-parent\" data-id=\"d66814c\" data-element_type=\"container\" data-e-type=\"container\" data-settings=\"{&quot;background_background&quot;:&quot;classic&quot;}\">\n\t\t\t\t<div class=\"elementor-element elementor-element-1f05424 elementor-widget elementor-widget-html\" data-id=\"1f05424\" data-element_type=\"widget\" data-e-type=\"widget\" data-widget_type=\"html.default\">\n\t\t\t\t<div class=\"elementor-widget-container\">\n\t\t\t\t\t<div class=\"section-tabs\">\n  <button class=\"stab active\" data-tab=\"editorial\">Comit\u00e9 de r\u00e9daction <span class=\"stab-count\">12<\/span><\/button>\n<button class=\"stab\" data-tab=\"scientific\">Comit\u00e9 scientifique <span class=\"stab-count\">25<\/span><\/button>\n<button class=\"stab\" data-tab=\"team\">\u00c9quipe \u00e9ditoriale <span class=\"stab-count\">6<\/span><\/button>\n<\/div>\t\t\t\t<\/div>\n\t\t\t\t<\/div>\n\t\t\t\t<\/div>\n\t\t<div data-particle_enable=\"false\" data-particle-mobile-disabled=\"false\" class=\"elementor-element elementor-element-822d11c e-flex e-con-boxed wpr-particle-no wpr-jarallax-no wpr-parallax-no wpr-sticky-section-no e-con e-parent\" data-id=\"822d11c\" data-element_type=\"container\" data-e-type=\"container\">\n\t\t\t\t\t<div class=\"e-con-inner\">\n\t\t<div data-particle_enable=\"false\" data-particle-mobile-disabled=\"false\" class=\"elementor-element elementor-element-3801701 e-con-full tab-section active e-flex wpr-particle-no wpr-jarallax-no wpr-parallax-no wpr-sticky-section-no e-con e-child\" data-id=\"3801701\" data-element_type=\"container\" data-e-type=\"container\" id=\"tab-editorial\">\n\t\t\t\t<div class=\"elementor-element elementor-element-392b085 elementor-widget elementor-widget-html\" data-id=\"392b085\" data-element_type=\"widget\" data-e-type=\"widget\" data-widget_type=\"html.default\">\n\t\t\t\t<div class=\"elementor-widget-container\">\n\t\t\t\t\t<div class=\"section-head\">\n        <div class=\"s-label\">Membres du comit\u00e9 de r\u00e9daction<\/div>\n      <\/div>\t\t\t\t<\/div>\n\t\t\t\t<\/div>\n\t\t\t\t<div class=\"elementor-element elementor-element-4d82d66 elementor-widget elementor-widget-shortcode\" data-id=\"4d82d66\" data-element_type=\"widget\" data-e-type=\"widget\" data-widget_type=\"shortcode.default\">\n\t\t\t\t<div class=\"elementor-widget-container\">\n\t\t\t\t\t\t\t<div class=\"elementor-shortcode\"><p>Aucun membre trouv\u00e9.<\/p><\/div>\n\t\t\t\t\t\t<\/div>\n\t\t\t\t<\/div>\n\t\t\t\t<\/div>\n\t\t<div data-particle_enable=\"false\" data-particle-mobile-disabled=\"false\" class=\"elementor-element elementor-element-580f10c e-con-full tab-section e-flex wpr-particle-no wpr-jarallax-no wpr-parallax-no wpr-sticky-section-no e-con e-child\" data-id=\"580f10c\" data-element_type=\"container\" data-e-type=\"container\" id=\"tab-scientific\">\n\t\t\t\t<div class=\"elementor-element elementor-element-d96a0e1 elementor-widget elementor-widget-html\" data-id=\"d96a0e1\" data-element_type=\"widget\" data-e-type=\"widget\" data-widget_type=\"html.default\">\n\t\t\t\t<div class=\"elementor-widget-container\">\n\t\t\t\t\t<div class=\"section-head alt\">\n        <div class=\"s-label\">Conseil Scientifique<\/div>\n        <p class=\"intro-quote\">Le comit\u00e9 scientifique r\u00e9unit plus de vingt personnalit\u00e9s internationales, repr\u00e9sentant diverses disciplines des sciences sociales et environnementales. Garant de la qualit\u00e9 scientifique de la revue, il joue un r\u00f4le actif dans le soutien aux propositions soumises au comit\u00e9 de r\u00e9daction et assure la coordination scientifique des num\u00e9ros \u00e0 venir. Ses membres participent \u00e0 l'orientation et aux choix du groupe, et repr\u00e9sentent une grande diversit\u00e9 de disciplines, de perspectives, d'origines g\u00e9ographiques et de langues d'expression (anglais, fran\u00e7ais, arabe, swahili).  <\/p>\n      <\/div>\t\t\t\t<\/div>\n\t\t\t\t<\/div>\n\t\t\t\t<div class=\"elementor-element elementor-element-9f6261b elementor-widget elementor-widget-shortcode\" data-id=\"9f6261b\" data-element_type=\"widget\" data-e-type=\"widget\" data-widget_type=\"shortcode.default\">\n\t\t\t\t<div class=\"elementor-widget-container\">\n\t\t\t\t\t\t\t<div class=\"elementor-shortcode\"><p>Aucun membre trouv\u00e9.<\/p><\/div>\n\t\t\t\t\t\t<\/div>\n\t\t\t\t<\/div>\n\t\t\t\t<\/div>\n\t\t<div data-particle_enable=\"false\" data-particle-mobile-disabled=\"false\" class=\"elementor-element elementor-element-1b3ce2d e-con-full tab-section e-flex wpr-particle-no wpr-jarallax-no wpr-parallax-no wpr-sticky-section-no e-con e-child\" data-id=\"1b3ce2d\" data-element_type=\"container\" data-e-type=\"container\" id=\"tab-team\">\n\t\t\t\t<div class=\"elementor-element elementor-element-8c8c215 elementor-widget elementor-widget-html\" data-id=\"8c8c215\" data-element_type=\"widget\" data-e-type=\"widget\" data-widget_type=\"html.default\">\n\t\t\t\t<div class=\"elementor-widget-container\">\n\t\t\t\t\t<div class=\"section-head\">\n        <div class=\"s-label\">\u00c9quipe \u00e9ditoriale<\/div>\n        <h2 class=\"s-title\">L'\u00e9quipe derri\u00e8re Global Africa<\/h2>\n      <\/div>\t\t\t\t<\/div>\n\t\t\t\t<\/div>\n\t\t\t\t<div class=\"elementor-element elementor-element-baf47bc elementor-widget elementor-widget-shortcode\" data-id=\"baf47bc\" data-element_type=\"widget\" data-e-type=\"widget\" data-widget_type=\"shortcode.default\">\n\t\t\t\t<div class=\"elementor-widget-container\">\n\t\t\t\t\t\t\t<div class=\"elementor-shortcode\"><p>Aucun membre trouv\u00e9.<\/p><\/div>\n\t\t\t\t\t\t<\/div>\n\t\t\t\t<\/div>\n\t\t\t\t<\/div>\n\t\t\t\t\t<\/div>\n\t\t\t\t<\/div>\n\t\t<div data-particle_enable=\"false\" data-particle-mobile-disabled=\"false\" class=\"elementor-element elementor-element-d7ce907 e-flex e-con-boxed wpr-particle-no wpr-jarallax-no wpr-parallax-no wpr-sticky-section-no e-con e-parent\" data-id=\"d7ce907\" data-element_type=\"container\" data-e-type=\"container\" data-settings=\"{&quot;background_background&quot;:&quot;classic&quot;}\">\n\t\t\t\t\t<div class=\"e-con-inner\">\n\t\t\t\t<div class=\"elementor-element elementor-element-0f809f0 elementor-widget elementor-widget-html\" data-id=\"0f809f0\" data-element_type=\"widget\" data-e-type=\"widget\" data-widget_type=\"html.default\">\n\t\t\t\t<div class=\"elementor-widget-container\">\n\t\t\t\t\t<!-- SUBMIT CTA -->\n    <div class=\"submit-strip\">\n      <div class=\"ss-left\">\n        <h2>Ready to submit your research?<\/h2>\n      <\/div>\n      <a href=\"https:\/\/globalafricajournal.org\/register\" class=\"ss-btn\">Soumettez votre manuscrit \u2192<\/a>\n    <\/div>\t\t\t\t<\/div>\n\t\t\t\t<\/div>\n\t\t\t\t\t<\/div>\n\t\t\t\t<\/div>\n\t\t\t\t<\/div>\n\t\t","protected":false},"excerpt":{"rendered":"<p>Aims and ScopeEditorial OutlineCommittees &amp; StaffReferencing &amp; IndexingCalls and ScheduleSubmissionOpen AccessCopyright &amp; LicenseEthics &amp; QualityIssuesAuthorsIconographic Thread Accueil&nbsp;\u203a&nbsp;Revue&nbsp;\u203a&nbsp;Comit\u00e9s et personnels Comit\u00e9s et personnels Le comit\u00e9 de r\u00e9daction de Global Africa est compos\u00e9 de sp\u00e9cialistes internationalement reconnus pour leur expertise scientifique, sous la responsabilit\u00e9 du r\u00e9dacteur en chef. Acc\u00e8s libre ISSN : 3020-0458 Comit\u00e9 de r\u00e9daction 12 Comit\u00e9 scientifique 25 \u00c9quipe \u00e9ditoriale 6 Membres du comit\u00e9 de r\u00e9daction Conseil Scientifique Le comit\u00e9 scientifique r\u00e9unit plus de vingt personnalit\u00e9s internationales, repr\u00e9sentant diverses disciplines des sciences sociales et environnementales. Garant de la qualit\u00e9 scientifique de la revue, il joue un r\u00f4le actif dans le soutien aux propositions soumises au comit\u00e9 de r\u00e9daction et assure la coordination scientifique des num\u00e9ros \u00e0 venir. Ses membres participent \u00e0 l&rsquo;orientation et aux choix du groupe, et repr\u00e9sentent une grande diversit\u00e9 de disciplines, de perspectives, d&rsquo;origines g\u00e9ographiques et de langues d&rsquo;expression (anglais, fran\u00e7ais, arabe, swahili). \u00c9quipe \u00e9ditoriale L&rsquo;\u00e9quipe derri\u00e8re Global Africa Ready to submit your research? Soumettez votre manuscrit \u2192<\/p>\n","protected":false},"author":166,"featured_media":0,"parent":8637,"menu_order":0,"comment_status":"closed","ping_status":"closed","template":"","meta":{"footnotes":""},"folder":[],"class_list":["post-25463","page","type-page","status-publish","hentry"],"yoast_head":"<!-- This site is optimized with the Yoast SEO plugin v27.5 - https:\/\/yoast.com\/product\/yoast-seo-wordpress\/ -->\n<title>Comit\u00e9s et personnels | Global Africa<\/title>\n<meta name=\"robots\" content=\"index, follow, max-snippet:-1, max-image-preview:large, max-video-preview:-1\" \/>\n<link rel=\"canonical\" href=\"https:\/\/www.globalafricasciences.org\/fr\/revue\/comites-et-personnels\/\" \/>\n<meta property=\"og:locale\" content=\"fr_FR\" \/>\n<meta property=\"og:type\" content=\"article\" \/>\n<meta property=\"og:title\" content=\"Comit\u00e9s et personnels | Global Africa\" \/>\n<meta property=\"og:description\" content=\"Aims and ScopeEditorial OutlineCommittees &amp; StaffReferencing &amp; IndexingCalls and ScheduleSubmissionOpen AccessCopyright &amp; LicenseEthics &amp; QualityIssuesAuthorsIconographic Thread Accueil&nbsp;\u203a&nbsp;Revue&nbsp;\u203a&nbsp;Comit\u00e9s et personnels Comit\u00e9s et personnels Le comit\u00e9 de r\u00e9daction de Global Africa est compos\u00e9 de sp\u00e9cialistes internationalement reconnus pour leur expertise scientifique, sous la responsabilit\u00e9 du r\u00e9dacteur en chef. Acc\u00e8s libre ISSN : 3020-0458 Comit\u00e9 de r\u00e9daction 12 Comit\u00e9 scientifique 25 \u00c9quipe \u00e9ditoriale 6 Membres du comit\u00e9 de r\u00e9daction Conseil Scientifique Le comit\u00e9 scientifique r\u00e9unit plus de vingt personnalit\u00e9s internationales, repr\u00e9sentant diverses disciplines des sciences sociales et environnementales. Garant de la qualit\u00e9 scientifique de la revue, il joue un r\u00f4le actif dans le soutien aux propositions soumises au comit\u00e9 de r\u00e9daction et assure la coordination scientifique des num\u00e9ros \u00e0 venir. Ses membres participent \u00e0 l&rsquo;orientation et aux choix du groupe, et repr\u00e9sentent une grande diversit\u00e9 de disciplines, de perspectives, d&rsquo;origines g\u00e9ographiques et de langues d&rsquo;expression (anglais, fran\u00e7ais, arabe, swahili). \u00c9quipe \u00e9ditoriale L&rsquo;\u00e9quipe derri\u00e8re Global Africa Ready to submit your research? Soumettez votre manuscrit \u2192\" \/>\n<meta property=\"og:url\" content=\"https:\/\/www.globalafricasciences.org\/fr\/revue\/comites-et-personnels\/\" \/>\n<meta property=\"og:site_name\" content=\"Global Africa\" \/>\n<meta property=\"article:publisher\" content=\"https:\/\/www.facebook.com\/globalafricasciences\" \/>\n<meta property=\"article:modified_time\" content=\"2026-04-27T01:11:10+00:00\" \/>\n<meta name=\"twitter:card\" content=\"summary_large_image\" \/>\n<meta name=\"twitter:label1\" content=\"Dur\u00e9e de lecture estim\u00e9e\" \/>\n\t<meta name=\"twitter:data1\" content=\"1 minute\" \/>\n<script type=\"application\/ld+json\" class=\"yoast-schema-graph\">{\"@context\":\"https:\\\/\\\/schema.org\",\"@graph\":[{\"@type\":\"WebPage\",\"@id\":\"https:\\\/\\\/www.globalafricasciences.org\\\/fr\\\/revue\\\/comites-et-personnels\\\/\",\"url\":\"https:\\\/\\\/www.globalafricasciences.org\\\/fr\\\/revue\\\/comites-et-personnels\\\/\",\"name\":\"Comit\u00e9s et personnels | Global Africa\",\"isPartOf\":{\"@id\":\"https:\\\/\\\/www.globalafricasciences.org\\\/fr\\\/#website\"},\"datePublished\":\"2026-02-07T18:20:50+00:00\",\"dateModified\":\"2026-04-27T01:11:10+00:00\",\"breadcrumb\":{\"@id\":\"https:\\\/\\\/www.globalafricasciences.org\\\/fr\\\/revue\\\/comites-et-personnels\\\/#breadcrumb\"},\"inLanguage\":\"fr-FR\",\"potentialAction\":[{\"@type\":\"ReadAction\",\"target\":[\"https:\\\/\\\/www.globalafricasciences.org\\\/fr\\\/revue\\\/comites-et-personnels\\\/\"]}]},{\"@type\":\"BreadcrumbList\",\"@id\":\"https:\\\/\\\/www.globalafricasciences.org\\\/fr\\\/revue\\\/comites-et-personnels\\\/#breadcrumb\",\"itemListElement\":[{\"@type\":\"ListItem\",\"position\":1,\"name\":\"Home\",\"item\":\"https:\\\/\\\/www.globalafricasciences.org\\\/fr\\\/accueil\\\/\"},{\"@type\":\"ListItem\",\"position\":2,\"name\":\"Revue\",\"item\":\"https:\\\/\\\/www.globalafricasciences.org\\\/fr\\\/revue\\\/\"},{\"@type\":\"ListItem\",\"position\":3,\"name\":\"Comit\u00e9s et personnels\"}]},{\"@type\":\"WebSite\",\"@id\":\"https:\\\/\\\/www.globalafricasciences.org\\\/fr\\\/#website\",\"url\":\"https:\\\/\\\/www.globalafricasciences.org\\\/fr\\\/\",\"name\":\"Global Africa\",\"description\":\"Pan-African Scientific Journal\",\"publisher\":{\"@id\":\"https:\\\/\\\/www.globalafricasciences.org\\\/fr\\\/#organization\"},\"potentialAction\":[{\"@type\":\"SearchAction\",\"target\":{\"@type\":\"EntryPoint\",\"urlTemplate\":\"https:\\\/\\\/www.globalafricasciences.org\\\/fr\\\/?s={search_term_string}\"},\"query-input\":{\"@type\":\"PropertyValueSpecification\",\"valueRequired\":true,\"valueName\":\"search_term_string\"}}],\"inLanguage\":\"fr-FR\"},{\"@type\":\"Organization\",\"@id\":\"https:\\\/\\\/www.globalafricasciences.org\\\/fr\\\/#organization\",\"name\":\"Global Africa\",\"url\":\"https:\\\/\\\/www.globalafricasciences.org\\\/fr\\\/\",\"logo\":{\"@type\":\"ImageObject\",\"inLanguage\":\"fr-FR\",\"@id\":\"https:\\\/\\\/www.globalafricasciences.org\\\/fr\\\/#\\\/schema\\\/logo\\\/image\\\/\",\"url\":\"https:\\\/\\\/www.globalafricasciences.org\\\/wp-content\\\/uploads\\\/2024\\\/12\\\/Globalafrica.png\",\"contentUrl\":\"https:\\\/\\\/www.globalafricasciences.org\\\/wp-content\\\/uploads\\\/2024\\\/12\\\/Globalafrica.png\",\"width\":1680,\"height\":750,\"caption\":\"Global Africa\"},\"image\":{\"@id\":\"https:\\\/\\\/www.globalafricasciences.org\\\/fr\\\/#\\\/schema\\\/logo\\\/image\\\/\"},\"sameAs\":[\"https:\\\/\\\/www.facebook.com\\\/globalafricasciences\"]}]}<\/script>\n<!-- \/ Yoast SEO plugin. -->","yoast_head_json":{"title":"Comit\u00e9s et personnels | Global Africa","robots":{"index":"index","follow":"follow","max-snippet":"max-snippet:-1","max-image-preview":"max-image-preview:large","max-video-preview":"max-video-preview:-1"},"canonical":"https:\/\/www.globalafricasciences.org\/fr\/revue\/comites-et-personnels\/","og_locale":"fr_FR","og_type":"article","og_title":"Comit\u00e9s et personnels | Global Africa","og_description":"Aims and ScopeEditorial OutlineCommittees &amp; StaffReferencing &amp; IndexingCalls and ScheduleSubmissionOpen AccessCopyright &amp; LicenseEthics &amp; QualityIssuesAuthorsIconographic Thread Accueil&nbsp;\u203a&nbsp;Revue&nbsp;\u203a&nbsp;Comit\u00e9s et personnels Comit\u00e9s et personnels Le comit\u00e9 de r\u00e9daction de Global Africa est compos\u00e9 de sp\u00e9cialistes internationalement reconnus pour leur expertise scientifique, sous la responsabilit\u00e9 du r\u00e9dacteur en chef. Acc\u00e8s libre ISSN : 3020-0458 Comit\u00e9 de r\u00e9daction 12 Comit\u00e9 scientifique 25 \u00c9quipe \u00e9ditoriale 6 Membres du comit\u00e9 de r\u00e9daction Conseil Scientifique Le comit\u00e9 scientifique r\u00e9unit plus de vingt personnalit\u00e9s internationales, repr\u00e9sentant diverses disciplines des sciences sociales et environnementales. Garant de la qualit\u00e9 scientifique de la revue, il joue un r\u00f4le actif dans le soutien aux propositions soumises au comit\u00e9 de r\u00e9daction et assure la coordination scientifique des num\u00e9ros \u00e0 venir. Ses membres participent \u00e0 l&rsquo;orientation et aux choix du groupe, et repr\u00e9sentent une grande diversit\u00e9 de disciplines, de perspectives, d&rsquo;origines g\u00e9ographiques et de langues d&rsquo;expression (anglais, fran\u00e7ais, arabe, swahili). \u00c9quipe \u00e9ditoriale L&rsquo;\u00e9quipe derri\u00e8re Global Africa Ready to submit your research? Soumettez votre manuscrit \u2192","og_url":"https:\/\/www.globalafricasciences.org\/fr\/revue\/comites-et-personnels\/","og_site_name":"Global Africa","article_publisher":"https:\/\/www.facebook.com\/globalafricasciences","article_modified_time":"2026-04-27T01:11:10+00:00","twitter_card":"summary_large_image","twitter_misc":{"Dur\u00e9e de lecture estim\u00e9e":"1 minute"},"schema":{"@context":"https:\/\/schema.org","@graph":[{"@type":"WebPage","@id":"https:\/\/www.globalafricasciences.org\/fr\/revue\/comites-et-personnels\/","url":"https:\/\/www.globalafricasciences.org\/fr\/revue\/comites-et-personnels\/","name":"Comit\u00e9s et personnels | Global Africa","isPartOf":{"@id":"https:\/\/www.globalafricasciences.org\/fr\/#website"},"datePublished":"2026-02-07T18:20:50+00:00","dateModified":"2026-04-27T01:11:10+00:00","breadcrumb":{"@id":"https:\/\/www.globalafricasciences.org\/fr\/revue\/comites-et-personnels\/#breadcrumb"},"inLanguage":"fr-FR","potentialAction":[{"@type":"ReadAction","target":["https:\/\/www.globalafricasciences.org\/fr\/revue\/comites-et-personnels\/"]}]},{"@type":"BreadcrumbList","@id":"https:\/\/www.globalafricasciences.org\/fr\/revue\/comites-et-personnels\/#breadcrumb","itemListElement":[{"@type":"ListItem","position":1,"name":"Home","item":"https:\/\/www.globalafricasciences.org\/fr\/accueil\/"},{"@type":"ListItem","position":2,"name":"Revue","item":"https:\/\/www.globalafricasciences.org\/fr\/revue\/"},{"@type":"ListItem","position":3,"name":"Comit\u00e9s et personnels"}]},{"@type":"WebSite","@id":"https:\/\/www.globalafricasciences.org\/fr\/#website","url":"https:\/\/www.globalafricasciences.org\/fr\/","name":"Global Africa","description":"Pan-African Scientific Journal","publisher":{"@id":"https:\/\/www.globalafricasciences.org\/fr\/#organization"},"potentialAction":[{"@type":"SearchAction","target":{"@type":"EntryPoint","urlTemplate":"https:\/\/www.globalafricasciences.org\/fr\/?s={search_term_string}"},"query-input":{"@type":"PropertyValueSpecification","valueRequired":true,"valueName":"search_term_string"}}],"inLanguage":"fr-FR"},{"@type":"Organization","@id":"https:\/\/www.globalafricasciences.org\/fr\/#organization","name":"Global Africa","url":"https:\/\/www.globalafricasciences.org\/fr\/","logo":{"@type":"ImageObject","inLanguage":"fr-FR","@id":"https:\/\/www.globalafricasciences.org\/fr\/#\/schema\/logo\/image\/","url":"https:\/\/www.globalafricasciences.org\/wp-content\/uploads\/2024\/12\/Globalafrica.png","contentUrl":"https:\/\/www.globalafricasciences.org\/wp-content\/uploads\/2024\/12\/Globalafrica.png","width":1680,"height":750,"caption":"Global Africa"},"image":{"@id":"https:\/\/www.globalafricasciences.org\/fr\/#\/schema\/logo\/image\/"},"sameAs":["https:\/\/www.facebook.com\/globalafricasciences"]}]}},"acf":[],"_links":{"self":[{"href":"https:\/\/www.globalafricasciences.org\/fr\/wp-json\/wp\/v2\/pages\/25463","targetHints":{"allow":["GET"]}}],"collection":[{"href":"https:\/\/www.globalafricasciences.org\/fr\/wp-json\/wp\/v2\/pages"}],"about":[{"href":"https:\/\/www.globalafricasciences.org\/fr\/wp-json\/wp\/v2\/types\/page"}],"author":[{"embeddable":true,"href":"https:\/\/www.globalafricasciences.org\/fr\/wp-json\/wp\/v2\/users\/166"}],"replies":[{"embeddable":true,"href":"https:\/\/www.globalafricasciences.org\/fr\/wp-json\/wp\/v2\/comments?post=25463"}],"version-history":[{"count":1,"href":"https:\/\/www.globalafricasciences.org\/fr\/wp-json\/wp\/v2\/pages\/25463\/revisions"}],"predecessor-version":[{"id":25464,"href":"https:\/\/www.globalafricasciences.org\/fr\/wp-json\/wp\/v2\/pages\/25463\/revisions\/25464"}],"up":[{"embeddable":true,"href":"https:\/\/www.globalafricasciences.org\/fr\/wp-json\/wp\/v2\/pages\/8637"}],"wp:attachment":[{"href":"https:\/\/www.globalafricasciences.org\/fr\/wp-json\/wp\/v2\/media?parent=25463"}],"wp:term":[{"taxonomy":"folder","embeddable":true,"href":"https:\/\/www.globalafricasciences.org\/fr\/wp-json\/wp\/v2\/folder?post=25463"}],"curies":[{"name":"wp","href":"https:\/\/api.w.org\/{rel}","templated":true}]}}